{"id":1137,"date":"2024-05-03T17:23:07","date_gmt":"2024-05-03T16:23:07","guid":{"rendered":"https:\/\/guitarsandbasses.eu\/?post_type=product&#038;p=1137"},"modified":"2024-12-05T00:31:27","modified_gmt":"2024-12-04T23:31:27","slug":"mks-right-handed-routed-blank-builder-23","status":"publish","type":"product","link":"https:\/\/guitarsandbasses.eu\/es\/producto\/mks-right-handed-routed-blank-builder-23\/","title":{"rendered":"MKS cuerpo de guitarra fresado en blanco BUILDER 23"},"content":{"rendered":"<div id=\"description\" class=\"tab-pane fade in active js-product-tab-active\" role=\"tabpanel\">\n<div class=\"product-description\">\n<div id=\"description\" class=\"tab-pane fade in active js-product-tab-active\" role=\"tabpanel\">\n<div class=\"product-description\">\n<div id=\"description\" class=\"tab-pane fade in active js-product-tab-active\" role=\"tabpanel\">\n<div class=\"product-description\">\n<div id=\"description\" class=\"tab-pane fade in active js-product-tab-active\" role=\"tabpanel\">\n<div class=\"product-description\">\n<div id=\"description\" class=\"tab-pane fade in active js-product-tab-active\" role=\"tabpanel\">\n<div class=\"product-description\">\n<div id=\"description\" class=\"tab-pane fade in active js-product-tab-active\" role=\"tabpanel\">\n<div class=\"product-description\">\n<div id=\"description\" class=\"tab-pane fade in active js-product-tab-active\" role=\"tabpanel\">\n<div class=\"product-description\">\n<p class=\"translation-block\">\u00bfNo sabes c\u00f3mo elegir entre todas las opciones? \u00a0<strong><a title=\"Opciones de carrocer\u00eda explicadas en este enlace\" href=\"https:\/\/guitarsandbasses.eu\/es\/how-to-choose-options\/\" target=\"_blank\" rel=\"noreferrer noopener\">Haga clic aqu\u00ed para leer las instrucciones<\/a><\/strong><\/p>\n<p>Guitarra MKS para diestros, en blanco, sin terminar, escala de 23 pulgadas para m\u00e1stil de 22 trastes. \u00a1Construye la guitarra de tus sue\u00f1os!<\/p>\n<p>\u00a1Debido al dise\u00f1o, es necesario hacer algunos agujeros para los cables y pasar el conector!<\/p>\n<p>Cavidades de pastillas y tama\u00f1os de bolsillo del cuello seleccionables en opciones. La profundidad de la cavidad electr\u00f3nica en la parte posterior es la altura del cuerpo menos 7 mm (un poco m\u00e1s de 1\/4), as\u00ed que considere esto cuando compre potenci\u00f3metros e interruptores.! Los potenci\u00f3metros con roscas de 9,5 mm de largo son \u00f3ptimos.<\/p>\n<p>&nbsp;<\/p>\n<p>Los orificios del puente y del potenci\u00f3metro no est\u00e1n hechos a menos que se elijan entre las opciones.<\/p>\n<p>Profundidad del cuerpo disponible en 40 o 45 mm.<\/p>\n<p>Materiales del cuerpo disponibles: aliso, fresno, okume, \u00e1lamo, pino, tilo, caoba, fresno de pantano y madera de haya (vaporizada).<\/p>\n<\/div>\n<\/div>\n<\/div>\n<\/div>\n<\/div>\n<\/div>\n<\/div>\n<\/div>\n<\/div>\n<\/div>\n<\/div>\n<\/div>\n<\/div>\n<\/div>","protected":false},"excerpt":{"rendered":"<p class=\"western\"><span style=\"font-family: Times New Roman, serif;\">Enrutado para diestros en blanco sin terminar de 23\u2033 para m\u00e1stil de 22 trastes, totalmente personalizable<br \/>\n<\/span><\/p>","protected":false},"featured_media":991,"comment_status":"open","ping_status":"closed","template":"","meta":{"om_disable_all_campaigns":false,"_monsterinsights_skip_tracking":false,"_monsterinsights_sitenote_active":false,"_monsterinsights_sitenote_note":"","_monsterinsights_sitenote_category":0,"_uf_show_specific_survey":0,"_uf_disable_surveys":false},"product_brand":[],"product_cat":[150],"product_tag":[],"class_list":{"0":"post-1137","1":"product","2":"type-product","3":"status-publish","4":"has-post-thumbnail","6":"product_cat-right-handed-23-inch","7":"tm-has-options","9":"first","10":"instock","11":"taxable","12":"shipping-taxable","13":"purchasable","14":"product-type-simple"},"aioseo_notices":[],"jetpack_sharing_enabled":true,"_links":{"self":[{"href":"https:\/\/guitarsandbasses.eu\/es\/wp-json\/wp\/v2\/product\/1137","targetHints":{"allow":["GET"]}}],"collection":[{"href":"https:\/\/guitarsandbasses.eu\/es\/wp-json\/wp\/v2\/product"}],"about":[{"href":"https:\/\/guitarsandbasses.eu\/es\/wp-json\/wp\/v2\/types\/product"}],"replies":[{"embeddable":true,"href":"https:\/\/guitarsandbasses.eu\/es\/wp-json\/wp\/v2\/comments?post=1137"}],"wp:featuredmedia":[{"embeddable":true,"href":"https:\/\/guitarsandbasses.eu\/es\/wp-json\/wp\/v2\/media\/991"}],"wp:attachment":[{"href":"https:\/\/guitarsandbasses.eu\/es\/wp-json\/wp\/v2\/media?parent=1137"}],"wp:term":[{"taxonomy":"product_brand","embeddable":true,"href":"https:\/\/guitarsandbasses.eu\/es\/wp-json\/wp\/v2\/product_brand?post=1137"},{"taxonomy":"product_cat","embeddable":true,"href":"https:\/\/guitarsandbasses.eu\/es\/wp-json\/wp\/v2\/product_cat?post=1137"},{"taxonomy":"product_tag","embeddable":true,"href":"https:\/\/guitarsandbasses.eu\/es\/wp-json\/wp\/v2\/product_tag?post=1137"}],"curies":[{"name":"wp","href":"https:\/\/api.w.org\/{rel}","templated":true}]}}