{"id":1154,"date":"2024-05-04T00:08:27","date_gmt":"2024-05-03T23:08:27","guid":{"rendered":"https:\/\/guitarsandbasses.eu\/?post_type=product&#038;p=1154"},"modified":"2024-12-22T22:01:59","modified_gmt":"2024-12-22T21:01:59","slug":"mks-st24hh-top-lh-guitar-body-24","status":"publish","type":"product","link":"https:\/\/guitarsandbasses.eu\/es\/producto\/mks-st24hh-top-lh-guitar-body-24\/","title":{"rendered":"MKS ST24HH TOP LH cuerpo de guitarra 24"},"content":{"rendered":"<div class=\"product-description\">\n<p>\u00bfNo sabes c\u00f3mo elegir entre todas las opciones? <strong><a title=\"Body options explained in this link\" href=\"https:\/\/mksguitars.es\/en\/module\/ets_blog\/blog?id_post=2&amp;url_alias=how-to-choose-correct-options-to-build-a-guitar-body\" target=\"_blank\" rel=\"noreferrer noopener\">Click here to read instructions.<\/a><\/strong><\/p>\n<p>Guitarra MKS ST para zurdos, cuerpo sin terminar, escala de 24 pulgadas para m\u00e1stil de 22 trastes. Humbucker -  humbucker fresado.<\/p>\n<p>Tapa de arce, interruptor ubicado en el cuerno inferior. Todos los bolsillos y cavidades hechos. Placas de cavidades traseras incluidas (pl\u00e1stico negro).<\/p>\n<p>Cavidades de pastillas y tama\u00f1os de bolsillo del cuello seleccionables en opciones. La profundidad de la cavidad electr\u00f3nica en la parte posterior es la altura del cuerpo menos 7 mm (un poco m\u00e1s de 1\/4), as\u00ed que considere esto cuando compre potenci\u00f3metros e interruptores.! Los potenci\u00f3metros con roscas de 9,5 mm de largo son \u00f3ptimos.<\/p>\n<p>Tenga en cuenta que si instala un sistema de tr\u00e9molo, generalmente se requiere una profundidad de cuerpo de 45 mm.<\/p>\n<p>Gu\u00eda de gato de 19 mm lateral (placas de gato y placas de gato cuadradas).<\/p>\n<p>Los agujeros del puente y del potenci\u00f3metro no est\u00e1n hechos a menos que se elijan entre las opciones. Los orificios para el cuello (4 piezas) se combinan con una placa de cuello asim\u00e9trica o casquillos de cuello.<\/p>\n<p>Profundidad del cuerpo disponible en 40 o 45 mm.<\/p>\n<p>Materiales del cuerpo disponibles: aliso, fresno, okume, \u00e1lamo, pino, tilo, caoba, fresno de pantano, haya vaporizada<\/p>\n<\/div>","protected":false},"excerpt":{"rendered":"<p class=\"western\"><span style=\"font-family: Times New Roman, serif;\">Guitarra MKS ST para zurdos, cuerpo sin terminar, 24\u2033, 2 pastillas humbucker para m\u00e1stil de 22 trastes, tapa de arce<\/span><\/p>","protected":false},"featured_media":896,"comment_status":"open","ping_status":"closed","template":"","meta":{"om_disable_all_campaigns":false,"_monsterinsights_skip_tracking":false,"_monsterinsights_sitenote_active":false,"_monsterinsights_sitenote_note":"","_monsterinsights_sitenote_category":0,"_uf_show_specific_survey":0,"_uf_disable_surveys":false},"product_brand":[],"product_cat":[146],"product_tag":[],"class_list":{"0":"post-1154","1":"product","2":"type-product","3":"status-publish","4":"has-post-thumbnail","6":"product_cat-left-handed-guitars-24-inch","7":"tm-has-options","9":"first","10":"instock","11":"taxable","12":"shipping-taxable","13":"purchasable","14":"product-type-simple"},"aioseo_notices":[],"jetpack_sharing_enabled":true,"_links":{"self":[{"href":"https:\/\/guitarsandbasses.eu\/es\/wp-json\/wp\/v2\/product\/1154","targetHints":{"allow":["GET"]}}],"collection":[{"href":"https:\/\/guitarsandbasses.eu\/es\/wp-json\/wp\/v2\/product"}],"about":[{"href":"https:\/\/guitarsandbasses.eu\/es\/wp-json\/wp\/v2\/types\/product"}],"replies":[{"embeddable":true,"href":"https:\/\/guitarsandbasses.eu\/es\/wp-json\/wp\/v2\/comments?post=1154"}],"wp:featuredmedia":[{"embeddable":true,"href":"https:\/\/guitarsandbasses.eu\/es\/wp-json\/wp\/v2\/media\/896"}],"wp:attachment":[{"href":"https:\/\/guitarsandbasses.eu\/es\/wp-json\/wp\/v2\/media?parent=1154"}],"wp:term":[{"taxonomy":"product_brand","embeddable":true,"href":"https:\/\/guitarsandbasses.eu\/es\/wp-json\/wp\/v2\/product_brand?post=1154"},{"taxonomy":"product_cat","embeddable":true,"href":"https:\/\/guitarsandbasses.eu\/es\/wp-json\/wp\/v2\/product_cat?post=1154"},{"taxonomy":"product_tag","embeddable":true,"href":"https:\/\/guitarsandbasses.eu\/es\/wp-json\/wp\/v2\/product_tag?post=1154"}],"curies":[{"name":"wp","href":"https:\/\/api.w.org\/{rel}","templated":true}]}}