{"id":1189,"date":"2024-05-04T22:54:17","date_gmt":"2024-05-04T21:54:17","guid":{"rendered":"https:\/\/guitarsandbasses.eu\/?post_type=product&#038;p=1189"},"modified":"2025-08-09T14:20:07","modified_gmt":"2025-08-09T13:20:07","slug":"mks-tl23-left-handed-guitar-body-builder","status":"publish","type":"product","link":"https:\/\/guitarsandbasses.eu\/es\/producto\/mks-tl23-left-handed-guitar-body-builder\/","title":{"rendered":"MKS TL23 cuerpo de guitarra para zurdos BUILDER"},"content":{"rendered":"<div id=\"description\" class=\"tab-pane fade in active js-product-tab-active\" role=\"tabpanel\">\n<div class=\"product-description\">\n<div id=\"description\" class=\"tab-pane fade in active js-product-tab-active\" role=\"tabpanel\">\n<div class=\"product-description\">\n<div id=\"description\" class=\"tab-pane fade in active js-product-tab-active\" role=\"tabpanel\">\n<div class=\"product-description\">\n<div id=\"description\" class=\"tab-pane fade in active js-product-tab-active\" role=\"tabpanel\">\n<div class=\"product-description\">\n<div id=\"description\" class=\"tab-pane fade in active js-product-tab-active\" role=\"tabpanel\">\n<div class=\"product-description\">\n<div id=\"description\" class=\"tab-pane fade in active js-product-tab-active\" role=\"tabpanel\">\n<div class=\"product-description\">\n<div id=\"description\" class=\"tab-pane fade in active js-product-tab-active\" role=\"tabpanel\">\n<div class=\"product-description\">\n<p class=\"translation-block\">\u00bfNo sabes c\u00f3mo elegir entre todas las opciones? \u00a0<strong><a title=\"Opciones de carrocer\u00eda explicadas en este enlace\" href=\"https:\/\/guitarsandbasses.eu\/es\/how-to-choose-options\/\" target=\"_blank\" rel=\"noreferrer noopener\">Haga clic aqu\u00ed para leer las instrucciones<\/a><\/strong><\/p>\n<p>Guitarra para zurdos, cuerpo sin terminar, escala de 23 pulgadas para m\u00e1stil de 22 trastes. \u00a1Construye la guitarra de tus sue\u00f1os!<\/p>\n<p>Todos los bolsillos y cavidades hechos.<\/p>\n<p>Cavidades de pastillas y tama\u00f1os de bolsillo del cuello seleccionables en opciones. La profundidad de la cavidad electr\u00f3nica en la parte posterior es la altura del cuerpo menos 7 mm (un poco m\u00e1s de 1\/4), as\u00ed que considere esto cuando compre potenci\u00f3metros e interruptores.! Los potenci\u00f3metros con roscas de 9,5 mm de largo son \u00f3ptimos.<\/p>\n<p>Gu\u00eda de gato de 19 mm lateral (placas de gato y placas de gato cuadradas).<\/p>\n<p>Los agujeros del puente y del potenci\u00f3metro no est\u00e1n hechos a menos que se elijan entre las opciones. Los orificios para el cuello (4 piezas) se combinan con una placa de cuello asim\u00e9trica o casquillos de cuello.<\/p>\n<p>Profundidad del cuerpo disponible en 40 o 45 mm.<\/p>\n<p>Materiales del cuerpo disponibles: aliso, fresno, okume, \u00e1lamo, pino, tilo, caoba, fresno de pantano, haya vaporizada<\/p>\n<\/div>\n<\/div>\n<\/div>\n<\/div>\n<\/div>\n<\/div>\n<\/div>\n<\/div>\n<\/div>\n<\/div>\n<\/div>\n<\/div>\n<\/div>\n<\/div>","protected":false},"excerpt":{"rendered":"<p class=\"western\"><span style=\"font-family: Times New Roman, serif;\">Cuerpo de guitarra para zurdos sin terminar de 23\u2033 para m\u00e1stil de 22 trastes, cuerpo de guitarra totalmente personalizable<br \/>\n<\/span><\/p>","protected":false},"featured_media":3308,"comment_status":"open","ping_status":"closed","template":"","meta":{"om_disable_all_campaigns":false,"_monsterinsights_skip_tracking":false,"_monsterinsights_sitenote_active":false,"_monsterinsights_sitenote_note":"","_monsterinsights_sitenote_category":0,"_uf_show_specific_survey":0,"_uf_disable_surveys":false},"product_brand":[],"product_cat":[147],"product_tag":[],"class_list":{"0":"post-1189","1":"product","2":"type-product","3":"status-publish","4":"has-post-thumbnail","6":"product_cat-left-handed-23-inch","7":"tm-has-options","9":"first","10":"instock","11":"taxable","12":"shipping-taxable","13":"purchasable","14":"product-type-simple"},"aioseo_notices":[],"jetpack_sharing_enabled":true,"_links":{"self":[{"href":"https:\/\/guitarsandbasses.eu\/es\/wp-json\/wp\/v2\/product\/1189","targetHints":{"allow":["GET"]}}],"collection":[{"href":"https:\/\/guitarsandbasses.eu\/es\/wp-json\/wp\/v2\/product"}],"about":[{"href":"https:\/\/guitarsandbasses.eu\/es\/wp-json\/wp\/v2\/types\/product"}],"replies":[{"embeddable":true,"href":"https:\/\/guitarsandbasses.eu\/es\/wp-json\/wp\/v2\/comments?post=1189"}],"wp:featuredmedia":[{"embeddable":true,"href":"https:\/\/guitarsandbasses.eu\/es\/wp-json\/wp\/v2\/media\/3308"}],"wp:attachment":[{"href":"https:\/\/guitarsandbasses.eu\/es\/wp-json\/wp\/v2\/media?parent=1189"}],"wp:term":[{"taxonomy":"product_brand","embeddable":true,"href":"https:\/\/guitarsandbasses.eu\/es\/wp-json\/wp\/v2\/product_brand?post=1189"},{"taxonomy":"product_cat","embeddable":true,"href":"https:\/\/guitarsandbasses.eu\/es\/wp-json\/wp\/v2\/product_cat?post=1189"},{"taxonomy":"product_tag","embeddable":true,"href":"https:\/\/guitarsandbasses.eu\/es\/wp-json\/wp\/v2\/product_tag?post=1189"}],"curies":[{"name":"wp","href":"https:\/\/api.w.org\/{rel}","templated":true}]}}