{"id":1351,"date":"2024-05-10T10:42:13","date_gmt":"2024-05-10T09:42:13","guid":{"rendered":"https:\/\/guitarsandbasses.eu\/?post_type=product&#038;p=1351"},"modified":"2025-08-30T15:09:42","modified_gmt":"2025-08-30T14:09:42","slug":"cherry","status":"publish","type":"product","link":"https:\/\/guitarsandbasses.eu\/es\/producto\/cherry\/","title":{"rendered":"CHERRY"},"content":{"rendered":"<div class=\"vc_row wpb_row vc_row-fluid vc_custom_1593585132184 vc_row-has-fill\">\n<div class=\"wpb_column vc_column_container vc_col-sm-6\">\n<div class=\"vc_column-inner\">\n<div class=\"wpb_wrapper\">\n<div class=\"wpb_text_column wpb_content_element\">\n<div class=\"wpb_wrapper\">\n<p>Los colores de Nitorlack est\u00e1n basados en los colores originales <strong>Fender y Gibson<\/strong>La creaci\u00f3n de estos colores viene precedida de un gran trabajo y estudio exhaustivo por parte de nuestro laboratorio y departamento t\u00e9cnico. Gracias a el se han conseguido  recrear con fidelidad los tonos de las guitarras Fender y Gibson  de los a\u00f1os 50 y 60.<\/p>\n<p class=\"translation-block\">Durante esos a\u00f1os hasta la actualidad conviene tener en cuenta que los colores de guitarras vintage han variado mucho con los a\u00f1os debido al envejecimiento de la laca nitrocelulosa y modificaciones en los colores propios de las marcas.<\/p>\n<p>Por lo tanto dos guitarras acabadas en 1960 con colores de carta fender a d\u00eda de hoy pueden ser totalmente diferentes entre ellas o respecto a una guitarra m\u00e1s actual.<\/p>\n<\/div>\n<\/div>\n<\/div>\n<\/div>\n<\/div>\n<div class=\"wpb_column vc_column_container vc_col-sm-6\">\n<div class=\"vc_column-inner\">\n<div class=\"wpb_wrapper\">\n<div class=\"wpb_single_image wpb_content_element vc_align_center wpb_content_element\">\n<figure class=\"wpb_wrapper vc_figure\">\n<div class=\"vc_single_image-wrapper vc_box_border_grey\"><\/div>\n<\/figure>\n<\/div>\n<\/div>\n<\/div>\n<\/div>\n<\/div>\n<div class=\"vc_row wpb_row vc_row-fluid\">\n<div class=\"wpb_column vc_column_container vc_col-sm-12\">\n<div class=\"vc_column-inner\">\n<div class=\"wpb_wrapper\">\n<div class=\"wpb_text_column wpb_content_element\">\n<div class=\"wpb_wrapper\">\n<h3>Gu\u00eda de aplicaci\u00f3n:<\/h3>\n<ul>\n<li>Comenzamos a aplicar el color una vez hemos fondeado la guitarra con <strong>Nitorlack Primer.<\/strong><\/li>\n<li>Cuando comencemos el trabajo de pintura los poros deben estar cerrados y la veta no debe marcarse<\/li>\n<li>Aplicamos el producto ya sea en spray o pistola a unos 25 cm.<strong> 25 cm<\/strong>.<\/li>\n<li>Cuando apliquemos debemos seguir un patr\u00f3n de aplicaci\u00f3n, <strong>primero horizontal y luego vertical,<\/strong>aplicando de forma uniforme la pintura.<\/li>\n<li>Aplicamos var\u00edas capas, dejando secar entre ellas unas <strong>24 horas<\/strong> y lijando entre ellas, para eliminar las impurezas que queden.<\/li>\n<li>Este trabajo se dar\u00e1 por finalizado cuando la superficie quede totalmente lisa y sin imperfecciones.<\/li>\n<\/ul>\n<h3>Preguntas frecuentes:<\/h3>\n<p>&nbsp;<\/p>\n<h4>\u00bfCuantos spray necesito para barnizar una guitarra?<\/h4>\n<p>\u2013 Si la superficie est\u00e1 bien cubierta y no es tu primer proyecto de pintura, podr\u00e1s hacerlo con un spray, aunque no aplicar\u00e1s muchas capas. Sin embargo si no eres un experto recomendamos usar 2 sprays para un \u00f3ptimo acabado.<\/p>\n<p>&nbsp;<\/p>\n<h4>\u00bfA que temperatura debe estar la guitarra durante y despu\u00e9s del proceso?<\/h4>\n<p>\u2013 Se recomienda hacer en un lugar cuya temperatura est\u00e9 entre 15 y 25 grados. Si el proceso de pintura o barnizado se hace en condiciones de mucho calor o frio pueden hacer que el resultado final no sea bueno.<\/p>\n<p>&nbsp;<\/p>\n<h4>\u00bfDonde debo realizar el proceso?<\/h4>\n<p>Un sitio limpio ser\u00e1 fundamental, para evitar que la suciedad o part\u00edculas de polvo se adhieran a la superficie.<\/p>\n<p>&nbsp;<\/p>\n<h4>\u00bfEs obligatorio lijar entre capas?<\/h4>\n<p>No es algo que deba siempre, pero es recomendable para as\u00ed eliminar las imperfecciones que queden en la pintura al final de cada capa, as\u00ed como las part\u00edculas que puedan adherirse.<\/p>\n<\/div>\n<\/div>\n<\/div>\n<\/div>\n<\/div>\n<\/div>","protected":false},"excerpt":{"rendered":"<p>Acabado cl\u00e1sico CHERRY GIBSON<\/p>\n<p>Color cl\u00e1sico Cherry s\u00f3lido, muy utilizado por Gibson.<\/p>","protected":false},"featured_media":1355,"comment_status":"open","ping_status":"closed","template":"","meta":{"om_disable_all_campaigns":false,"_monsterinsights_skip_tracking":false,"_monsterinsights_sitenote_active":false,"_monsterinsights_sitenote_note":"","_monsterinsights_sitenote_category":0,"_uf_show_specific_survey":0,"_uf_disable_surveys":false},"product_brand":[],"product_cat":[119],"product_tag":[],"class_list":{"0":"post-1351","1":"product","2":"type-product","3":"status-publish","4":"has-post-thumbnail","6":"product_cat-colors","7":"tm-no-options","9":"first","10":"outofstock","11":"featured","12":"taxable","13":"shipping-taxable","14":"product-type-variable"},"aioseo_notices":[],"jetpack_sharing_enabled":true,"_links":{"self":[{"href":"https:\/\/guitarsandbasses.eu\/es\/wp-json\/wp\/v2\/product\/1351","targetHints":{"allow":["GET"]}}],"collection":[{"href":"https:\/\/guitarsandbasses.eu\/es\/wp-json\/wp\/v2\/product"}],"about":[{"href":"https:\/\/guitarsandbasses.eu\/es\/wp-json\/wp\/v2\/types\/product"}],"replies":[{"embeddable":true,"href":"https:\/\/guitarsandbasses.eu\/es\/wp-json\/wp\/v2\/comments?post=1351"}],"wp:featuredmedia":[{"embeddable":true,"href":"https:\/\/guitarsandbasses.eu\/es\/wp-json\/wp\/v2\/media\/1355"}],"wp:attachment":[{"href":"https:\/\/guitarsandbasses.eu\/es\/wp-json\/wp\/v2\/media?parent=1351"}],"wp:term":[{"taxonomy":"product_brand","embeddable":true,"href":"https:\/\/guitarsandbasses.eu\/es\/wp-json\/wp\/v2\/product_brand?post=1351"},{"taxonomy":"product_cat","embeddable":true,"href":"https:\/\/guitarsandbasses.eu\/es\/wp-json\/wp\/v2\/product_cat?post=1351"},{"taxonomy":"product_tag","embeddable":true,"href":"https:\/\/guitarsandbasses.eu\/es\/wp-json\/wp\/v2\/product_tag?post=1351"}],"curies":[{"name":"wp","href":"https:\/\/api.w.org\/{rel}","templated":true}]}}