{"id":2821,"date":"2024-12-27T21:59:14","date_gmt":"2024-12-27T20:59:14","guid":{"rendered":"https:\/\/guitarsandbasses.eu\/?post_type=product&#038;p=2821"},"modified":"2025-08-30T15:00:22","modified_gmt":"2025-08-30T14:00:22","slug":"pearly","status":"publish","type":"product","link":"https:\/\/guitarsandbasses.eu\/es\/producto\/pearly\/","title":{"rendered":"PEARLY"},"content":{"rendered":"<p>Colorless nitro lacquer that applying on any color develops a fine and smooth pearlescent effect.<\/p>\n<p>or<\/p>\n<p>Polyurethane METALLIZED PRIMER. This product is a one component metallic primer. It is necessary to use a polyurethane or nitrocellulose finish over the primer.<br \/>\nProfessional use. Can 500 ml<\/p>\n<p>&nbsp;<\/p>\n<div class=\"vc_row wpb_row vc_row-fluid\">\n<div class=\"wpb_column vc_column_container vc_col-sm-12\">\n<div class=\"vc_column-inner\">\n<div class=\"wpb_wrapper\">\n<div class=\"wpb_text_column wpb_content_element\">\n<div class=\"wpb_wrapper\">\n<h3>Gu\u00eda de aplicaci\u00f3n:<\/h3>\n<ul>\n<li>Comenzamos a aplicar el color una vez hemos fondeado la guitarra con <strong>Nitorlack Primer.<\/strong>.<\/li>\n<li>Cuando comencemos el trabajo de pintura los poros deben estar cerrados y la veta no debe marcarse<\/li>\n<li class=\"translation-block\">Aplicamos el producto ya sea en spray o pistola a unos 25 cm.<\/li>\n<li class=\"translation-block\">Cuando apliquemos debemos seguir un patr\u00f3n de aplicaci\u00f3n, primero horizontal y luego vertical, aplicando de forma uniforme la pintura.<\/li>\n<li class=\"translation-block\">Aplicamos var\u00edas capas, dejando secar entre ellas unas 24 horas y lijando entre ellas, para eliminar las impurezas que queden.<\/li>\n<li>Este trabajo se dar\u00e1 por finalizado cuando la superficie quede totalmente lisa y sin imperfecciones.<\/li>\n<\/ul>\n<h3>Preguntas frecuentes:<\/h3>\n<h4>\u00bfCuantos spray necesito para barnizar una guitarra?<\/h4>\n<p>\u2013 Si la superficie est\u00e1 bien cubierta y no es tu primer proyecto de pintura, podr\u00e1s hacerlo con un spray, aunque no aplicar\u00e1s muchas capas. Sin embargo si no eres un experto recomendamos usar 2 sprays para un \u00f3ptimo acabado.<\/p>\n<h4>\u00bfA que temperatura debe estar la guitarra durante y despu\u00e9s del proceso?<\/h4>\n<p>\u2013 Se recomienda hacer en un lugar cuya temperatura est\u00e9 entre 15 y 25 grados. Si el proceso de pintura o barnizado se hace en condiciones de mucho calor o frio pueden hacer que el resultado final no sea bueno.<\/p>\n<h4>\u00bfDonde debo realizar el proceso?<\/h4>\n<p>Un sitio limpio ser\u00e1 fundamental, para evitar que la suciedad o part\u00edculas de polvo se adhieran a la superficie.<\/p>\n<h4>\u00bfEs obligatorio lijar entre capas?<\/h4>\n<p>No es algo que deba siempre, pero es recomendable para as\u00ed eliminar las imperfecciones que queden en la pintura al final de cada capa, as\u00ed como las part\u00edculas que puedan adherirse.<\/p>\n<\/div>\n<\/div>\n<\/div>\n<\/div>\n<\/div>\n<\/div>","protected":false},"excerpt":{"rendered":"<p>Acabado Nitro efecto perlado.<\/p>\n<p>Barniz nitro incoloro que al aplicar sobre cualquier color desarrolla un fino y suave efecto perlado.<\/p>\n<p>Es recomendable aplicar un acabado para proteger el color y dar profundidad.<\/p>","protected":false},"featured_media":2825,"comment_status":"open","ping_status":"closed","template":"","meta":{"om_disable_all_campaigns":false,"_monsterinsights_skip_tracking":false,"_monsterinsights_sitenote_active":false,"_monsterinsights_sitenote_note":"","_monsterinsights_sitenote_category":0,"_uf_show_specific_survey":0,"_uf_disable_surveys":false},"product_brand":[],"product_cat":[125],"product_tag":[],"class_list":{"0":"post-2821","1":"product","2":"type-product","3":"status-publish","4":"has-post-thumbnail","6":"product_cat-metallic-colors","7":"tm-no-options","9":"first","10":"outofstock","11":"featured","12":"taxable","13":"shipping-taxable","14":"product-type-variable"},"aioseo_notices":[],"jetpack_sharing_enabled":true,"_links":{"self":[{"href":"https:\/\/guitarsandbasses.eu\/es\/wp-json\/wp\/v2\/product\/2821","targetHints":{"allow":["GET"]}}],"collection":[{"href":"https:\/\/guitarsandbasses.eu\/es\/wp-json\/wp\/v2\/product"}],"about":[{"href":"https:\/\/guitarsandbasses.eu\/es\/wp-json\/wp\/v2\/types\/product"}],"replies":[{"embeddable":true,"href":"https:\/\/guitarsandbasses.eu\/es\/wp-json\/wp\/v2\/comments?post=2821"}],"wp:featuredmedia":[{"embeddable":true,"href":"https:\/\/guitarsandbasses.eu\/es\/wp-json\/wp\/v2\/media\/2825"}],"wp:attachment":[{"href":"https:\/\/guitarsandbasses.eu\/es\/wp-json\/wp\/v2\/media?parent=2821"}],"wp:term":[{"taxonomy":"product_brand","embeddable":true,"href":"https:\/\/guitarsandbasses.eu\/es\/wp-json\/wp\/v2\/product_brand?post=2821"},{"taxonomy":"product_cat","embeddable":true,"href":"https:\/\/guitarsandbasses.eu\/es\/wp-json\/wp\/v2\/product_cat?post=2821"},{"taxonomy":"product_tag","embeddable":true,"href":"https:\/\/guitarsandbasses.eu\/es\/wp-json\/wp\/v2\/product_tag?post=2821"}],"curies":[{"name":"wp","href":"https:\/\/api.w.org\/{rel}","templated":true}]}}