{"id":871,"date":"2024-04-23T20:43:36","date_gmt":"2024-04-23T19:43:36","guid":{"rendered":"https:\/\/guitarsandbasses.eu\/?post_type=product&#038;p=871"},"modified":"2026-02-22T18:52:59","modified_gmt":"2026-02-22T17:52:59","slug":"mks-st255h-rh-guitar-body-25-5","status":"publish","type":"product","link":"https:\/\/guitarsandbasses.eu\/es\/producto\/mks-st255h-rh-guitar-body-25-5\/","title":{"rendered":"MKS ST255H RH Guitar Body 25.5"},"content":{"rendered":"<p class=\"western translation-block\">\u00bfNo sabes c\u00f3mo elegir entre todas las opciones? \u00a0<strong><a title=\"Opciones de carrocer\u00eda explicadas en este enlace\" href=\"https:\/\/guitarsandbasses.eu\/es\/how-to-choose-options\/\" target=\"_blank\" rel=\"noreferrer noopener\">Haga clic aqu\u00ed para leer las instrucciones<\/a><\/strong><\/p>\n<p class=\"western\">Right handed guitar body unfinished, 25.5 inch scale for 22 fret neck. 1 x Humbucker\u00a0 routed.<\/p>\n<p class=\"western\">All pockets and cavities done. The pattern of the wood varies from the photo but the quality of the wood is the same.<\/p>\n<p class=\"western\">Cavidades de pastillas y tama\u00f1os de bolsillo del cuello seleccionables en opciones. La profundidad de la cavidad electr\u00f3nica en la parte posterior es la altura del cuerpo menos 7 mm (un poco m\u00e1s de 1\/4), as\u00ed que considere esto cuando compre potenci\u00f3metros e interruptores.! Los potenci\u00f3metros con roscas de 9,5 mm de largo son \u00f3ptimos.<\/p>\n<p class=\"western\">Gu\u00eda de gato de 19 mm lateral (placas de gato y placas de gato cuadradas).<\/p>\n<p class=\"western\">Los agujeros del puente y del potenci\u00f3metro no est\u00e1n hechos a menos que se elijan entre las opciones. Los orificios para el cuello (4 piezas) se combinan con una placa de cuello asim\u00e9trica o casquillos de cuello.<\/p>\n<p class=\"western\">Profundidad del cuerpo disponible en 40 o 45 mm.<\/p>\n<p class=\"western\">Materiales del cuerpo disponibles: aliso, fresno, okume, \u00e1lamo, pino, tilo, caoba, fresno de pantano, haya vaporizada<\/p>","protected":false},"excerpt":{"rendered":"<p class=\"western\"><span style=\"font-family: Times New Roman, serif;\">Right handed guitar body unfinished 25.5&#8243; H for 22 fret neck<\/span><\/p>","protected":false},"featured_media":872,"comment_status":"open","ping_status":"closed","template":"","meta":{"om_disable_all_campaigns":false,"_monsterinsights_skip_tracking":false,"_monsterinsights_sitenote_active":false,"_monsterinsights_sitenote_note":"","_monsterinsights_sitenote_category":0,"_uf_show_specific_survey":0,"_uf_disable_surveys":false},"product_brand":[],"product_cat":[107],"product_tag":[],"class_list":{"0":"post-871","1":"product","2":"type-product","3":"status-publish","4":"has-post-thumbnail","6":"product_cat-right-handed-25-5-inch","7":"tm-has-options","9":"first","10":"instock","11":"taxable","12":"shipping-taxable","13":"purchasable","14":"product-type-simple"},"aioseo_notices":[],"jetpack_sharing_enabled":true,"_links":{"self":[{"href":"https:\/\/guitarsandbasses.eu\/es\/wp-json\/wp\/v2\/product\/871","targetHints":{"allow":["GET"]}}],"collection":[{"href":"https:\/\/guitarsandbasses.eu\/es\/wp-json\/wp\/v2\/product"}],"about":[{"href":"https:\/\/guitarsandbasses.eu\/es\/wp-json\/wp\/v2\/types\/product"}],"replies":[{"embeddable":true,"href":"https:\/\/guitarsandbasses.eu\/es\/wp-json\/wp\/v2\/comments?post=871"}],"wp:featuredmedia":[{"embeddable":true,"href":"https:\/\/guitarsandbasses.eu\/es\/wp-json\/wp\/v2\/media\/872"}],"wp:attachment":[{"href":"https:\/\/guitarsandbasses.eu\/es\/wp-json\/wp\/v2\/media?parent=871"}],"wp:term":[{"taxonomy":"product_brand","embeddable":true,"href":"https:\/\/guitarsandbasses.eu\/es\/wp-json\/wp\/v2\/product_brand?post=871"},{"taxonomy":"product_cat","embeddable":true,"href":"https:\/\/guitarsandbasses.eu\/es\/wp-json\/wp\/v2\/product_cat?post=871"},{"taxonomy":"product_tag","embeddable":true,"href":"https:\/\/guitarsandbasses.eu\/es\/wp-json\/wp\/v2\/product_tag?post=871"}],"curies":[{"name":"wp","href":"https:\/\/api.w.org\/{rel}","templated":true}]}}